{"id":7,"date":"2020-09-17T18:31:54","date_gmt":"2020-09-17T15:31:54","guid":{"rendered":"https:\/\/urpartners.ee\/raagu\/?page_id=7"},"modified":"2023-11-20T12:23:23","modified_gmt":"2023-11-20T09:23:23","slug":"home","status":"publish","type":"page","link":"https:\/\/urpartners.ee\/raagu\/","title":{"rendered":"Home"},"content":{"rendered":"\n<section class=\"front-banner-block d-flex align-items-end position-relative pb-96\">\n    <div class=\"background position-absolute top-0 end-0 start-0 bottom-0 bg-center\" style=\"background-image:url('https:\/\/urpartners.ee\/raagu\/wp-content\/uploads\/2023\/07\/Raagu_4k_3105_v2-1-1-scaled.jpg');\"><\/div>\n    <div class=\"container color-white \">\n                    <h1 class=\"title mb-16\">\n                Linnupesad ridamajad Kristiine aedlinnas            <\/h1>\n        \n                    <a class=\"btn\" href=\"mailto:myyk@ecoadvice.ee\" target=\"\">Ehitus on alanud. Ehitab Mitt &amp; Perlebach!<\/a>\n            <\/div>\n<\/section>\n\n\n<section style=\"\" class=\"homepage-blocks-block\">\n    <div class=\"container pt-80 pt-lg-128\">\n         \n\n        \n        <div class=\"row align-items-center pb-80 pb-lg-128\">\n            <div class=\"content col position-relative\">\n                                    <h2>\n                        Parim versioon linnakodust                    <\/h2>\n                \n                                    <p>Kui hindate aastak\u00fcmnetega v\u00e4lja kujunenud Kristiine linnaosale omast aedlinna elustiili, olete \u00f5iges kohas. Olla l\u00e4hedal k\u00f5igele olulisele ja vajalikule, samas eemalduda linnamelust ja nautida aedlinna rahulikku id\u00fclli. Just selline v\u00f5ib teie uus elupaik olla <strong>Linnupesad ridamajades R\u00e4\u00e4gu tn 16 ja 18<\/strong>.<\/p>\n                \n                                    <img decoding=\"async\" class=\"icon position-absolute end-64\" src=\"https:\/\/urpartners.ee\/raagu\/wp-content\/uploads\/2023\/07\/Group-101.svg\" width=\"222\" height=\"268\" alt=\"\" \/>\n                            <\/div>\n            <div class=\"col img\">\n                                    <img decoding=\"async\" class=\"image\" src=\"https:\/\/urpartners.ee\/raagu\/wp-content\/uploads\/2023\/07\/Mask-group-7.jpg\" width=\"992\" height=\"626\" alt=\"\" \/>\n                 \n            <\/div>\n        <\/div>\n         \n\n        \n        <div class=\"row align-items-center pb-80 pb-lg-128\">\n            <div class=\"content col position-relative\">\n                                    <h2>\n                        12 uut kodu R\u00e4\u00e4gu t\u00e4naval                    <\/h2>\n                \n                                    <p style=\"text-align: left;\">Linnupesad ridamaju on kaks. R\u00e4\u00e4gu tn 16 on seitse majaosa ning naabermajas R\u00e4\u00e4gu tn 18 on viis majaosa. K\u00f5ik majaosad on 4- v\u00f5i 5-toalised, s\u00f5ltuvalt teie soovidest. M\u00f5lema ridamaja k\u00f5ik kodud on suuruse vahemikuga 115 &#8211; 118 m2 (sh panipaik), k\u00f5igil uutel kodudel on muidugi terrassiala ja peaaegu k\u00f5igil ka isiklik hooviala. <strong>NB! Panipaik ja kaks (2) autokohta on hinnas!<\/strong><\/p>\n                \n                            <\/div>\n            <div class=\"col img\">\n                                    <img decoding=\"async\" class=\"image\" src=\"https:\/\/urpartners.ee\/raagu\/wp-content\/uploads\/2023\/07\/Mask-group-6.jpg\" width=\"992\" height=\"626\" alt=\"\" \/>\n                 \n            <\/div>\n        <\/div>\n         \n\n        \n        <div class=\"row align-items-center pb-80 pb-lg-128\">\n            <div class=\"content col position-relative\">\n                                    <h2>\n                        Asukoht                    <\/h2>\n                \n                                    <p>Elada linnal\u00e4hedases looduss\u00f5bralikus keskkonnas, kus \u00fchistranspordi peatused on 5-6 minuti jalutusk\u00e4igu kaugusel nii N\u00f5mme tee kui S\u00f5pruse puiestee \u00e4\u00e4res. Ka autoga erinevatesse linnaosadesse liikumiseks on palju v\u00f5imalusi. Ja kui on vajalik rongiga liikuda, siis 16 minut jalatee kaugusel on Tondi rongipeatus. Samuti on l\u00e4hedal nii v\u00e4iksemaid toidupoode, kui ka erinevaid v\u00f5imalusi ostlemiseks ja teenuste tarbimiseks pakkuv Kristiine kaubanduskeskus.<\/p>\n                \n                                    <img decoding=\"async\" class=\"icon position-absolute end-64\" src=\"https:\/\/urpartners.ee\/raagu\/wp-content\/uploads\/2023\/07\/a.svg\" width=\"252\" height=\"243\" alt=\"\" \/>\n                            <\/div>\n            <div class=\"col img\">\n                                    <img decoding=\"async\" class=\"image\" src=\"https:\/\/urpartners.ee\/raagu\/wp-content\/uploads\/2023\/07\/Raagu_4k_3105_v5-1.jpg\" width=\"992\" height=\"626\" alt=\"\" \/>\n                 \n            <\/div>\n        <\/div>\n            <\/div>\n<\/section>\n\n\n<section class=\"position-relative homepage-image-block\">\n    <div class=\"container-fluid px-0\">\n        <img decoding=\"async\" class=\"image\" src=\"https:\/\/urpartners.ee\/raagu\/wp-content\/uploads\/2023\/07\/Raagu_16_18_ridamajad_uusarendus_9.jpg\" width=\"https:\/\/urpartners.ee\/raagu\/wp-content\/uploads\/2023\/07\/Raagu_16_18_ridamajad_uusarendus_9.jpg\" height=\"https:\/\/urpartners.ee\/raagu\/wp-content\/uploads\/2023\/07\/Raagu_16_18_ridamajad_uusarendus_9.jpg\" alt=\"\">\n\n                    <div class=\"wrap\" style=\"top:57%; left:46%; transform: translateX(-50%) translateY(-50%); position:absolute\">\n                <img decoding=\"async\" class=\"icon fade-in-up\" src=\"https:\/\/urpartners.ee\/raagu\/wp-content\/uploads\/2023\/07\/Group-77.svg\" width=\"https:\/\/urpartners.ee\/raagu\/wp-content\/uploads\/2023\/07\/Group-77.svg\" height=\"https:\/\/urpartners.ee\/raagu\/wp-content\/uploads\/2023\/07\/Group-77.svg\" alt=\"\">\n            <\/div>\n            <\/div>\n<\/section>\n\n\n\n<section style=\" background-color: #FFECFB;\" class=\"homepage-blocks-block\">\n    <div class=\"container pt-80 pt-lg-128\">\n         \n\n        \n        <div class=\"row align-items-center pb-80 pb-lg-128\">\n            <div class=\"content col position-relative\">\n                                    <h2>\n                        A-energiaklassi uued kodud                    <\/h2>\n                \n                                    <p>Uued ridamajad valmivad 2024 a l\u00f5pus. Ridamajad ehitab <strong>ehitusfirma Mitt &amp; Perlebach.<\/strong> Kaasaegsete tehniliste lahenduste ja s\u00fcsteemidega peamiselt puitlaudisega kaetud fassaadiga kivimajad, millel garantii 2 aastat. M\u00f5ned m\u00e4rks\u00f5nad: <strong>k\u00fcte<\/strong> \u2013 \u00f5hk-vesi soojuspumpade baasil p\u00f5randak\u00fcte; <strong>ventilatsioon<\/strong> \u2013 majaosa p\u00f5hise soojustagastusega ventilatsioon; <strong>kauglugerid<\/strong>\u00a0\u2013 i<span class=\"fontstyle0\">gal majaosal on eraldi kaugloetavad m\u00f5\u00f5tjad<\/span>\u00a0vee jaoks;\u00a0<strong>aknad<\/strong> \u2013 kolmekordsed puitkonstruktsioonil pakettaknad; <strong>k\u00f5rged laed<\/strong> &#8211; 1. korruse lagede k\u00f5rgus 2.85 m.<\/p>\n                \n                            <\/div>\n            <div class=\"col img\">\n                                    <img decoding=\"async\" class=\"image\" src=\"https:\/\/urpartners.ee\/raagu\/wp-content\/uploads\/2023\/07\/Mask-group-4.jpg\" width=\"992\" height=\"626\" alt=\"\" \/>\n                 \n            <\/div>\n        <\/div>\n         \n\n        \n        <div class=\"row align-items-center pb-80 pb-lg-128\">\n            <div class=\"content col position-relative\">\n                                    <h2>\n                        Arhitektide suur panus v\u00e4\u00e4rib t\u00e4helepanu!                    <\/h2>\n                \n                                    <p>Majade arhitektuurse lahenduse t\u00f6\u00f6tas v\u00e4lja <strong>arhitektuurib\u00fcroo Puusepp &amp; M\u00e4nd. <\/strong>Ridamajade ja majaosade siseviimistluslahendused tegi nauditavaks <strong>Pulo Disain<\/strong> &#8211; kolm siseviimistluspaketti Kevad, Suvi, Premium, kas esimest paketti on majaosa hinnas, Premium pakett on lisatasu eest. K\u00fcsi infot m\u00fc\u00fcgijuhilt.<\/p>\n<p>Majade \u00fcmbruse maastikuarhitektuurse lahenduse t\u00f6\u00f6tas v\u00e4lja juba legendi staatuses <strong>maastikuarhitekt Peep Moorats.<\/strong><\/p>\n                \n                                    <img decoding=\"async\" class=\"icon position-absolute end-64\" src=\"https:\/\/urpartners.ee\/raagu\/wp-content\/uploads\/2023\/07\/a.svg\" width=\"252\" height=\"243\" alt=\"\" \/>\n                            <\/div>\n            <div class=\"col img\">\n                                    <img decoding=\"async\" class=\"image\" src=\"https:\/\/urpartners.ee\/raagu\/wp-content\/uploads\/2023\/07\/Mask-group-3.jpg\" width=\"992\" height=\"626\" alt=\"\" \/>\n                 \n            <\/div>\n        <\/div>\n            <\/div>\n<\/section>","protected":false},"excerpt":{"rendered":"","protected":false},"author":1,"featured_media":0,"parent":0,"menu_order":0,"comment_status":"closed","ping_status":"closed","template":"","meta":[],"acf":[],"yoast_head":"<!-- This site is optimized with the Yoast SEO plugin v20.8 - https:\/\/yoast.com\/wordpress\/plugins\/seo\/ -->\n<title>Home - R\u00e4\u00e4gu<\/title>\n<meta name=\"robots\" content=\"index, follow, max-snippet:-1, max-image-preview:large, max-video-preview:-1\" \/>\n<link rel=\"canonical\" href=\"https:\/\/urpartners.ee\/raagu\/\" \/>\n<meta property=\"og:locale\" content=\"en_US\" \/>\n<meta property=\"og:type\" content=\"article\" \/>\n<meta property=\"og:title\" content=\"Home - R\u00e4\u00e4gu\" \/>\n<meta property=\"og:url\" content=\"https:\/\/urpartners.ee\/raagu\/\" \/>\n<meta property=\"og:site_name\" content=\"R\u00e4\u00e4gu\" \/>\n<meta property=\"article:modified_time\" content=\"2023-11-20T09:23:23+00:00\" \/>\n<meta property=\"og:image\" content=\"https:\/\/urpartners.ee\/raagu\/wp-content\/uploads\/2023\/07\/OG.jpg\" \/>\n\t<meta property=\"og:image:width\" content=\"1200\" \/>\n\t<meta property=\"og:image:height\" content=\"630\" \/>\n\t<meta property=\"og:image:type\" content=\"image\/jpeg\" \/>\n<meta name=\"twitter:card\" content=\"summary_large_image\" \/>\n<script type=\"application\/ld+json\" class=\"yoast-schema-graph\">{\"@context\":\"https:\/\/schema.org\",\"@graph\":[{\"@type\":\"WebPage\",\"@id\":\"https:\/\/urpartners.ee\/raagu\/\",\"url\":\"https:\/\/urpartners.ee\/raagu\/\",\"name\":\"Home - R\u00e4\u00e4gu\",\"isPartOf\":{\"@id\":\"https:\/\/urpartners.ee\/raagu\/#website\"},\"datePublished\":\"2020-09-17T15:31:54+00:00\",\"dateModified\":\"2023-11-20T09:23:23+00:00\",\"breadcrumb\":{\"@id\":\"https:\/\/urpartners.ee\/raagu\/#breadcrumb\"},\"inLanguage\":\"en-US\",\"potentialAction\":[{\"@type\":\"ReadAction\",\"target\":[\"https:\/\/urpartners.ee\/raagu\/\"]}]},{\"@type\":\"BreadcrumbList\",\"@id\":\"https:\/\/urpartners.ee\/raagu\/#breadcrumb\",\"itemListElement\":[{\"@type\":\"ListItem\",\"position\":1,\"name\":\"Home\",\"item\":\"https:\/\/urpartners.ee\/raagu\/\"},{\"@type\":\"ListItem\",\"position\":2,\"name\":\"Home\"}]},{\"@type\":\"WebSite\",\"@id\":\"https:\/\/urpartners.ee\/raagu\/#website\",\"url\":\"https:\/\/urpartners.ee\/raagu\/\",\"name\":\"Raagu\",\"description\":\"Uued korterid Kristiine linnaosas.\",\"publisher\":{\"@id\":\"https:\/\/urpartners.ee\/raagu\/#organization\"},\"potentialAction\":[{\"@type\":\"SearchAction\",\"target\":{\"@type\":\"EntryPoint\",\"urlTemplate\":\"https:\/\/urpartners.ee\/raagu\/?s={search_term_string}\"},\"query-input\":\"required name=search_term_string\"}],\"inLanguage\":\"en-US\"},{\"@type\":\"Organization\",\"@id\":\"https:\/\/urpartners.ee\/raagu\/#organization\",\"name\":\"Raagu\",\"url\":\"https:\/\/urpartners.ee\/raagu\/\",\"logo\":{\"@type\":\"ImageObject\",\"inLanguage\":\"en-US\",\"@id\":\"https:\/\/urpartners.ee\/raagu\/#\/schema\/logo\/image\/\",\"url\":\"https:\/\/urpartners.ee\/raagu\/wp-content\/uploads\/2023\/06\/Group-74-1.svg\",\"contentUrl\":\"https:\/\/urpartners.ee\/raagu\/wp-content\/uploads\/2023\/06\/Group-74-1.svg\",\"width\":319,\"height\":68,\"caption\":\"Raagu\"},\"image\":{\"@id\":\"https:\/\/urpartners.ee\/raagu\/#\/schema\/logo\/image\/\"}}]}<\/script>\n<!-- \/ Yoast SEO plugin. -->","yoast_head_json":{"title":"Home - R\u00e4\u00e4gu","robots":{"index":"index","follow":"follow","max-snippet":"max-snippet:-1","max-image-preview":"max-image-preview:large","max-video-preview":"max-video-preview:-1"},"canonical":"https:\/\/urpartners.ee\/raagu\/","og_locale":"en_US","og_type":"article","og_title":"Home - R\u00e4\u00e4gu","og_url":"https:\/\/urpartners.ee\/raagu\/","og_site_name":"R\u00e4\u00e4gu","article_modified_time":"2023-11-20T09:23:23+00:00","og_image":[{"width":1200,"height":630,"url":"https:\/\/urpartners.ee\/raagu\/wp-content\/uploads\/2023\/07\/OG.jpg","type":"image\/jpeg"}],"twitter_card":"summary_large_image","schema":{"@context":"https:\/\/schema.org","@graph":[{"@type":"WebPage","@id":"https:\/\/urpartners.ee\/raagu\/","url":"https:\/\/urpartners.ee\/raagu\/","name":"Home - R\u00e4\u00e4gu","isPartOf":{"@id":"https:\/\/urpartners.ee\/raagu\/#website"},"datePublished":"2020-09-17T15:31:54+00:00","dateModified":"2023-11-20T09:23:23+00:00","breadcrumb":{"@id":"https:\/\/urpartners.ee\/raagu\/#breadcrumb"},"inLanguage":"en-US","potentialAction":[{"@type":"ReadAction","target":["https:\/\/urpartners.ee\/raagu\/"]}]},{"@type":"BreadcrumbList","@id":"https:\/\/urpartners.ee\/raagu\/#breadcrumb","itemListElement":[{"@type":"ListItem","position":1,"name":"Home","item":"https:\/\/urpartners.ee\/raagu\/"},{"@type":"ListItem","position":2,"name":"Home"}]},{"@type":"WebSite","@id":"https:\/\/urpartners.ee\/raagu\/#website","url":"https:\/\/urpartners.ee\/raagu\/","name":"Raagu","description":"Uued korterid Kristiine linnaosas.","publisher":{"@id":"https:\/\/urpartners.ee\/raagu\/#organization"},"potentialAction":[{"@type":"SearchAction","target":{"@type":"EntryPoint","urlTemplate":"https:\/\/urpartners.ee\/raagu\/?s={search_term_string}"},"query-input":"required name=search_term_string"}],"inLanguage":"en-US"},{"@type":"Organization","@id":"https:\/\/urpartners.ee\/raagu\/#organization","name":"Raagu","url":"https:\/\/urpartners.ee\/raagu\/","logo":{"@type":"ImageObject","inLanguage":"en-US","@id":"https:\/\/urpartners.ee\/raagu\/#\/schema\/logo\/image\/","url":"https:\/\/urpartners.ee\/raagu\/wp-content\/uploads\/2023\/06\/Group-74-1.svg","contentUrl":"https:\/\/urpartners.ee\/raagu\/wp-content\/uploads\/2023\/06\/Group-74-1.svg","width":319,"height":68,"caption":"Raagu"},"image":{"@id":"https:\/\/urpartners.ee\/raagu\/#\/schema\/logo\/image\/"}}]}},"_links":{"self":[{"href":"https:\/\/urpartners.ee\/raagu\/wp-json\/wp\/v2\/pages\/7"}],"collection":[{"href":"https:\/\/urpartners.ee\/raagu\/wp-json\/wp\/v2\/pages"}],"about":[{"href":"https:\/\/urpartners.ee\/raagu\/wp-json\/wp\/v2\/types\/page"}],"author":[{"embeddable":true,"href":"https:\/\/urpartners.ee\/raagu\/wp-json\/wp\/v2\/users\/1"}],"replies":[{"embeddable":true,"href":"https:\/\/urpartners.ee\/raagu\/wp-json\/wp\/v2\/comments?post=7"}],"version-history":[{"count":106,"href":"https:\/\/urpartners.ee\/raagu\/wp-json\/wp\/v2\/pages\/7\/revisions"}],"predecessor-version":[{"id":885,"href":"https:\/\/urpartners.ee\/raagu\/wp-json\/wp\/v2\/pages\/7\/revisions\/885"}],"wp:attachment":[{"href":"https:\/\/urpartners.ee\/raagu\/wp-json\/wp\/v2\/media?parent=7"}],"curies":[{"name":"wp","href":"https:\/\/api.w.org\/{rel}","templated":true}]}}