{"id":466,"date":"2023-07-06T11:11:55","date_gmt":"2023-07-06T08:11:55","guid":{"rendered":"https:\/\/urpartners.ee\/raagu\/?page_id=466"},"modified":"2023-11-20T12:15:35","modified_gmt":"2023-11-20T09:15:35","slug":"muugiinfo","status":"publish","type":"page","link":"https:\/\/urpartners.ee\/raagu\/muugiinfo\/","title":{"rendered":"M\u00fc\u00fcgiinfo"},"content":{"rendered":"\n<div class=\"terms-of-sale-block\">\n    <div class=\"contain fade-in-up\">\n        <div class=\"row flex-lg-nowrap row-cols-1 row-cols-lg-2 justify-content-between\">\n            <div class=\"col part_content\">\n                <div class=\"salesinfo pb-0 pb-lg-64 d-block\">\n    <div class=\"container\">\n        <div class=\"row\">\n            <div class=\"col\">\n                                    <div class=\"salesinfo_title mb-lg-42\">\n                        <h3 class=\"fs-45 color-white font-parklane fw-light\">M\u00fc\u00fcgiinfo<\/h3>\n                    <\/div>\n                \n                \n                    <div class=\"form col\">\n                                                    \n<div class=\"wpcf7 no-js\" id=\"wpcf7-f10-o1\" lang=\"en-US\" dir=\"ltr\">\n<div class=\"screen-reader-response\"><p role=\"status\" aria-live=\"polite\" aria-atomic=\"true\"><\/p> <ul><\/ul><\/div>\n<form action=\"\/raagu\/wp-json\/wp\/v2\/pages\/466#wpcf7-f10-o1\" method=\"post\" class=\"wpcf7-form init\" aria-label=\"Contact form\" novalidate=\"novalidate\" data-status=\"init\">\n<div style=\"display: none;\">\n<input type=\"hidden\" name=\"_wpcf7\" value=\"10\" \/>\n<input type=\"hidden\" name=\"_wpcf7_version\" value=\"5.7.7\" \/>\n<input type=\"hidden\" name=\"_wpcf7_locale\" value=\"en_US\" \/>\n<input type=\"hidden\" name=\"_wpcf7_unit_tag\" value=\"wpcf7-f10-o1\" \/>\n<input type=\"hidden\" name=\"_wpcf7_container_post\" value=\"0\" \/>\n<input type=\"hidden\" name=\"_wpcf7_posted_data_hash\" value=\"\" \/>\n<input type=\"hidden\" name=\"_wpcf7_recaptcha_response\" value=\"\" \/>\n<\/div>\n<div class=\"position-relative\"><label><span class=\"wpcf7-form-control-wrap\" data-name=\"your-name\"><input size=\"40\" class=\"wpcf7-form-control wpcf7-text wpcf7-validates-as-required\" aria-required=\"true\" aria-invalid=\"false\" placeholder=\"Nimi*\" value=\"\" type=\"text\" name=\"your-name\" \/><\/span><\/label>\n<label><span class=\"wpcf7-form-control-wrap\" data-name=\"your-email\"><input size=\"40\" class=\"wpcf7-form-control wpcf7-text wpcf7-email wpcf7-validates-as-required wpcf7-validates-as-email\" aria-required=\"true\" aria-invalid=\"false\" placeholder=\"E-post*\" value=\"\" type=\"email\" name=\"your-email\" \/><\/span><\/label>\n<label><span class=\"wpcf7-form-control-wrap\" data-name=\"your-phone\"><input size=\"40\" class=\"wpcf7-form-control wpcf7-text wpcf7-tel wpcf7-validates-as-tel\" aria-invalid=\"false\" placeholder=\"Telefon\" value=\"\" type=\"tel\" name=\"your-phone\" \/><\/span><\/label>\n<label><span class=\"wpcf7-form-control-wrap\" data-name=\"your-message\"><textarea cols=\"40\" rows=\"10\" class=\"wpcf7-form-control wpcf7-textarea\" aria-invalid=\"false\" placeholder=\"S\u00f5num\" name=\"your-message\"><\/textarea><\/span><\/label>\n<div class=\"submit_wrap\">\n\t<div class=\"\"><span class=\"wpcf7-form-control-wrap\" data-name=\"your-consent\"><span class=\"wpcf7-form-control wpcf7-acceptance\"><span class=\"wpcf7-list-item\"><label><input type=\"checkbox\" name=\"your-consent\" value=\"1\" aria-invalid=\"false\" \/><span class=\"wpcf7-list-item-label\"><a href=\"#\" target=\"_blank\">N\u00f5ustun isikuandmete t\u00f6\u00f6tlemisega<\/a><\/span><\/label><\/span><\/span><\/span>\n<\/div>\n\t<div class=\"\"><input class=\"wpcf7-form-control has-spinner wpcf7-submit\" type=\"submit\" value=\"Saada\" \/>\n<\/div>\n\n<\/div>\n<div class=\"wrapper position-absolute\"><div class=\"wpcf7-response-output\" aria-hidden=\"true\"><\/div><\/div>\n<\/div>\n<\/form>\n<\/div>\n                                            <\/div>\n            <\/div>\n\n            <div class=\"contacts col\">\n                <div class=\"contacts_info row d-flex justify-content-center text-center\">\n                                                                    <div class=\"contact d-flex flex-column align-items-center mb-80\">\n                                                            <div class=\"image_wrap d-flex align-items-center justify-content-center rounded-circle\">\n                                    <img decoding=\"async\" class=\"icon_img position-absolute\" src=\"\/wp-content\/themes\/linnupesad\/images\/leht_icon.svg\" alt=\"\">\n                                    <img decoding=\"async\" class=\"person_img\" src=\"https:\/\/urpartners.ee\/raagu\/wp-content\/uploads\/2023\/07\/DSC8854_bw-2-1.jpg\" width=\"464\" height=\"464\" alt=\"\" \/>\n                                <\/div>\n                            \n                            <div class=\"salestext mt-32 color-white\"><p style=\"text-align: center;\"><strong>Pille-Triin Urb<\/strong><br \/>\nM\u00fc\u00fcgijuht<\/p>\n<p style=\"text-align: center;\">+372 59 190 059<br \/>\npille-triin@ecoadvice.ee<\/p>\n<\/div>\n                        <\/div>\n                                    <\/div>\n                \n                <div class=\"ecoadvice_logo d-flex align-items-center align-items-lg-end justify-content-center\">\n                                            <a class=\"pb-16\" href=\"https:\/\/www.ecoadvice.ee\/\" target=\"_blank\">\n                    \n                    <p class=\"color-white mb-0\"><\/p>\n                                            <img decoding=\"async\" class=\"white\" src=\"https:\/\/urpartners.ee\/raagu\/wp-content\/uploads\/2023\/07\/Group-28.svg\" width=\"130\" height=\"46\" alt=\"\" \/>\n                                                                <img decoding=\"async\" class=\"black hide\" src=\"https:\/\/urpartners.ee\/raagu\/wp-content\/uploads\/2023\/07\/Group-28-1.svg\" width=\"151\" height=\"53\" alt=\"\" \/>\n                                                                <\/a>\n                    \n                                            <a class=\"pb-16\" href=\"https:\/\/urpartners.ee\/\" target=\"_blank\">\n                    \n                    \n                        <p class=\"color-white mb-0\">Arendaja<\/p>\n                    \n\n                                            <img decoding=\"async\" class=\"white\" src=\"https:\/\/urpartners.ee\/raagu\/wp-content\/uploads\/2023\/07\/UR_partners_logo_horisontaalne_valge-1.png\" width=\"2013\" height=\"512\" alt=\"\" \/>\n                                                                <img decoding=\"async\" class=\"black hide\" src=\"https:\/\/urpartners.ee\/raagu\/wp-content\/uploads\/2023\/07\/image-3.png\" width=\"2013\" height=\"512\" alt=\"\" \/>\n                                                                <\/a>\n                                    <\/div>\n            <\/div>\n        <\/div>\n    <\/div>\n        \n\n <p class=\"fs-14 mb-0 d-block d-md-none color-white pb-24 text-center px-24\">*K\u00f5ik pildid ridamajadest ja majaosadest on illustratiivsed ja v\u00f5ivad sisaldada ebat\u00e4psuseid.<\/p>\n\n<\/div>\n            <\/div>\n            <div class=\"col block_content\">\n                                    <h3 class=\"fs-45 color-green font-parklane fw-light\">M\u00fc\u00fcgitingimused<\/h3>\n                \n                                    <p>Ridamaja majaosa (korteri) omandamine toimub kolme etapina:<\/p>\n                \n                <div class=\"points\">\n                                                                                                    <div class=\"point\">\n                                <div class=\"counter d-flex align-items-center\">\n                                    <span class=\"d-flex align-items-center justify-content-center\">1<\/span><p>Broneerimine<\/p>\n                                <\/div>\n                                \n                                <div class=\"point_content\">\n                                    <p><span class=\"fontstyle0\">Majaosa broneerimiseks tuleb m\u00fc\u00fcgijuhiga \u00fchendust v\u00f5tta e-kirja teel. Broneeringuavalduse k\u00e4tte saamise kohta informeerib m\u00fc\u00fcgijuht potentsiaalset ostjat kirjalikult, seej\u00e4rel edastab m\u00fc\u00fcgijuht broneeringukokkuleppe s\u00f5lmimiseks vajaliku broneerimislepingu. Broneering j\u00f5ustub ostuhuvi kinnitamiseks s\u00f5lmitava broneerimiskokkuleppe allkirjastamisega ja broneerimistasu tasumisega summas 3000 EUR tehingu hinnast.<\/span><\/p>\n                                <\/div>\n                            <\/div>\n                            \n                                                                                                            <div class=\"point\">\n                                <div class=\"counter d-flex align-items-center\">\n                                    <span class=\"d-flex align-items-center justify-content-center\">2<\/span><p> V\u00f5la\u00f5iguslik m\u00fc\u00fcgileping<\/p>\n                                <\/div>\n                                \n                                <div class=\"point_content\">\n                                    <p><span class=\"fontstyle0\">S\u00f5lmitakse notariaalne v\u00f5la\u00f5iguslik korteriomandi ostum\u00fc\u00fcgileping, millega tasutakse 10% korteriomandi maksumusest.\u00a0<\/span><\/p>\n                                <\/div>\n                            <\/div>\n                            \n                                                                                                            <div class=\"point\">\n                                <div class=\"counter d-flex align-items-center\">\n                                    <span class=\"d-flex align-items-center justify-content-center\">3<\/span><p>Asja\u00f5igusleping<\/p>\n                                <\/div>\n                                \n                                <div class=\"point_content\">\n                                    <p><span class=\"fontstyle0\">Peale majaosa valmimist s\u00f5lmitakse notariaalne asja\u00f5igusleping. Ostja tasub \u00fclej\u00e4\u00e4nud ostusumma maksumusest ja saab pinna omanikuks. K\u00f5ik ostu-m\u00fc\u00fcgitehingutega seotud notaritasud ja riigil\u00f5ivud tasub ostja.<\/span><\/p>\n<p><strong>Lepingu hinnas sisaldub:<\/strong><\/p>\n<ul>\n<li><span class=\"fontstyle0\">hoone, majaosa, ja kinnistu l\u00f5plik valmidus vastavalt projektdokumentatsioonille ja siseviimistlustabelile (sh vannitoa sanitaartehnika);<\/span><\/li>\n<li><span class=\"fontstyle0\">majaosa siseviimistlus vastavalt baaspaketile (pakett Kevad, pakett Suvi), Premium siseviimistluspakett on lisatasu eest;<\/span><\/li>\n<li><strong><span class=\"fontstyle0\">majaosa m\u00fc\u00fcgihind sisaldab panipaiga ja parkimiskohtade <\/span><span class=\"fontstyle0\">(2 tk) maksumust;<\/span><\/strong><\/li>\n<li><span class=\"fontstyle0\">tasu tehnov\u00f5rkude (elektri-, vee- ja kanalisatsioonitrasside) rajamise ning nendega liitumise eest.<\/span><\/li>\n<\/ul>\n<p><strong> Lepingu hinnas ei sisaldu:<\/strong><\/p>\n<ul>\n<li><span class=\"fontstyle0\">m\u00fc\u00fcgilepingu s\u00f5lmimisega seotud notaritasu ja riigil\u00f5iv;<\/span><\/li>\n<li><span class=\"fontstyle0\">liitumistasu telefoniside, andmeside, kaabeltelevisiooniv\u00f5rguga ja valvesignalisatsiooniga liitumiseks;<\/span><\/li>\n<li><span class=\"fontstyle0\">Premium siseviimistluspakett (k\u00fcsi t\u00e4psustavat infot m\u00fc\u00fcgijuhilt);<\/span><\/li>\n<li>elektriauto laadijat.<\/li>\n<\/ul>\n                                <\/div>\n                            <\/div>\n                            \n                                                                                        <\/div>\n\n                                    <div class=\"text\">\n                        <p><strong>EHITUSGARANTII<\/strong><\/p>\n<p><span class=\"fontstyle0\">Kahe aasta m\u00f6\u00f6dumisel teostab ehitaja garantiit\u00f6\u00f6d. V\u00f5imalusel tehakse neid kogu majas samaaegselt. Vead, mis takistavad majaosa tavap\u00e4rast kasutamist, parandatakse jooksvalt peale vea ilmnemist.\u00a0<\/span><\/p>\n<p><strong>PANE T\u00c4HELE!<\/strong><\/p>\n<ul>\n<li><span class=\"fontstyle0\">Arendajal on \u00f5igus muuta m\u00fc\u00fcmata majaosade, panipaikade ja parkimiskohtade plaane ja m\u00fc\u00fcgihindu;<\/span><\/li>\n<li><span class=\"fontstyle0\">Arendajal on \u00f5igus t\u00e4iendada\/muuta m\u00fc\u00fcgitingimusi personaalse m\u00fc\u00fcgipakkumise vormistamisel;<\/span><\/li>\n<li><span class=\"fontstyle0\">K\u00f5ik kodulehe ja siseviimistluspakettide pildid ning graafilised materjalid on illustreerivad ning ei pruugi iseloomustada konkreetset toodet. Arendajal on \u00f5igus siseviimistluspakettide tooteid ja viimistlusmaterjale muuta asendades tooted ja materjalid samav\u00e4\u00e4rsetega. Hinnakalkulatsioonide \u00fcmberarvutamisel v\u00f5etakse aluseks Ehitaja ostuhind.<\/span><\/li>\n<\/ul>\n                    <\/div>\n                            <\/div>\n        <\/div>\n            <\/div>\n<\/div>","protected":false},"excerpt":{"rendered":"","protected":false},"author":1,"featured_media":0,"parent":0,"menu_order":0,"comment_status":"closed","ping_status":"closed","template":"page-templates\/no-title.php","meta":[],"acf":[],"yoast_head":"<!-- This site is optimized with the Yoast SEO plugin v20.8 - https:\/\/yoast.com\/wordpress\/plugins\/seo\/ -->\n<title>M\u00fc\u00fcgiinfo - R\u00e4\u00e4gu<\/title>\n<meta name=\"robots\" content=\"index, follow, max-snippet:-1, max-image-preview:large, max-video-preview:-1\" \/>\n<link rel=\"canonical\" href=\"https:\/\/urpartners.ee\/raagu\/muugiinfo\/\" \/>\n<meta property=\"og:locale\" content=\"en_US\" \/>\n<meta property=\"og:type\" content=\"article\" \/>\n<meta property=\"og:title\" content=\"M\u00fc\u00fcgiinfo - R\u00e4\u00e4gu\" \/>\n<meta property=\"og:url\" content=\"https:\/\/urpartners.ee\/raagu\/muugiinfo\/\" \/>\n<meta property=\"og:site_name\" content=\"R\u00e4\u00e4gu\" \/>\n<meta property=\"article:modified_time\" content=\"2023-11-20T09:15:35+00:00\" \/>\n<meta property=\"og:image\" content=\"https:\/\/urpartners.ee\/raagu\/wp-content\/uploads\/2023\/07\/OG.jpg\" \/>\n\t<meta property=\"og:image:width\" content=\"1200\" \/>\n\t<meta property=\"og:image:height\" content=\"630\" \/>\n\t<meta property=\"og:image:type\" content=\"image\/jpeg\" \/>\n<meta name=\"twitter:card\" content=\"summary_large_image\" \/>\n<script type=\"application\/ld+json\" class=\"yoast-schema-graph\">{\"@context\":\"https:\/\/schema.org\",\"@graph\":[{\"@type\":\"WebPage\",\"@id\":\"https:\/\/urpartners.ee\/raagu\/muugiinfo\/\",\"url\":\"https:\/\/urpartners.ee\/raagu\/muugiinfo\/\",\"name\":\"M\u00fc\u00fcgiinfo - R\u00e4\u00e4gu\",\"isPartOf\":{\"@id\":\"https:\/\/urpartners.ee\/raagu\/#website\"},\"datePublished\":\"2023-07-06T08:11:55+00:00\",\"dateModified\":\"2023-11-20T09:15:35+00:00\",\"breadcrumb\":{\"@id\":\"https:\/\/urpartners.ee\/raagu\/muugiinfo\/#breadcrumb\"},\"inLanguage\":\"en-US\",\"potentialAction\":[{\"@type\":\"ReadAction\",\"target\":[\"https:\/\/urpartners.ee\/raagu\/muugiinfo\/\"]}]},{\"@type\":\"BreadcrumbList\",\"@id\":\"https:\/\/urpartners.ee\/raagu\/muugiinfo\/#breadcrumb\",\"itemListElement\":[{\"@type\":\"ListItem\",\"position\":1,\"name\":\"Home\",\"item\":\"https:\/\/urpartners.ee\/raagu\/\"},{\"@type\":\"ListItem\",\"position\":2,\"name\":\"M\u00fc\u00fcgiinfo\"}]},{\"@type\":\"WebSite\",\"@id\":\"https:\/\/urpartners.ee\/raagu\/#website\",\"url\":\"https:\/\/urpartners.ee\/raagu\/\",\"name\":\"Raagu\",\"description\":\"Uued korterid Kristiine linnaosas.\",\"publisher\":{\"@id\":\"https:\/\/urpartners.ee\/raagu\/#organization\"},\"potentialAction\":[{\"@type\":\"SearchAction\",\"target\":{\"@type\":\"EntryPoint\",\"urlTemplate\":\"https:\/\/urpartners.ee\/raagu\/?s={search_term_string}\"},\"query-input\":\"required name=search_term_string\"}],\"inLanguage\":\"en-US\"},{\"@type\":\"Organization\",\"@id\":\"https:\/\/urpartners.ee\/raagu\/#organization\",\"name\":\"Raagu\",\"url\":\"https:\/\/urpartners.ee\/raagu\/\",\"logo\":{\"@type\":\"ImageObject\",\"inLanguage\":\"en-US\",\"@id\":\"https:\/\/urpartners.ee\/raagu\/#\/schema\/logo\/image\/\",\"url\":\"https:\/\/urpartners.ee\/raagu\/wp-content\/uploads\/2023\/06\/Group-74-1.svg\",\"contentUrl\":\"https:\/\/urpartners.ee\/raagu\/wp-content\/uploads\/2023\/06\/Group-74-1.svg\",\"width\":319,\"height\":68,\"caption\":\"Raagu\"},\"image\":{\"@id\":\"https:\/\/urpartners.ee\/raagu\/#\/schema\/logo\/image\/\"}}]}<\/script>\n<!-- \/ Yoast SEO plugin. -->","yoast_head_json":{"title":"M\u00fc\u00fcgiinfo - R\u00e4\u00e4gu","robots":{"index":"index","follow":"follow","max-snippet":"max-snippet:-1","max-image-preview":"max-image-preview:large","max-video-preview":"max-video-preview:-1"},"canonical":"https:\/\/urpartners.ee\/raagu\/muugiinfo\/","og_locale":"en_US","og_type":"article","og_title":"M\u00fc\u00fcgiinfo - R\u00e4\u00e4gu","og_url":"https:\/\/urpartners.ee\/raagu\/muugiinfo\/","og_site_name":"R\u00e4\u00e4gu","article_modified_time":"2023-11-20T09:15:35+00:00","og_image":[{"width":1200,"height":630,"url":"https:\/\/urpartners.ee\/raagu\/wp-content\/uploads\/2023\/07\/OG.jpg","type":"image\/jpeg"}],"twitter_card":"summary_large_image","schema":{"@context":"https:\/\/schema.org","@graph":[{"@type":"WebPage","@id":"https:\/\/urpartners.ee\/raagu\/muugiinfo\/","url":"https:\/\/urpartners.ee\/raagu\/muugiinfo\/","name":"M\u00fc\u00fcgiinfo - R\u00e4\u00e4gu","isPartOf":{"@id":"https:\/\/urpartners.ee\/raagu\/#website"},"datePublished":"2023-07-06T08:11:55+00:00","dateModified":"2023-11-20T09:15:35+00:00","breadcrumb":{"@id":"https:\/\/urpartners.ee\/raagu\/muugiinfo\/#breadcrumb"},"inLanguage":"en-US","potentialAction":[{"@type":"ReadAction","target":["https:\/\/urpartners.ee\/raagu\/muugiinfo\/"]}]},{"@type":"BreadcrumbList","@id":"https:\/\/urpartners.ee\/raagu\/muugiinfo\/#breadcrumb","itemListElement":[{"@type":"ListItem","position":1,"name":"Home","item":"https:\/\/urpartners.ee\/raagu\/"},{"@type":"ListItem","position":2,"name":"M\u00fc\u00fcgiinfo"}]},{"@type":"WebSite","@id":"https:\/\/urpartners.ee\/raagu\/#website","url":"https:\/\/urpartners.ee\/raagu\/","name":"Raagu","description":"Uued korterid Kristiine linnaosas.","publisher":{"@id":"https:\/\/urpartners.ee\/raagu\/#organization"},"potentialAction":[{"@type":"SearchAction","target":{"@type":"EntryPoint","urlTemplate":"https:\/\/urpartners.ee\/raagu\/?s={search_term_string}"},"query-input":"required name=search_term_string"}],"inLanguage":"en-US"},{"@type":"Organization","@id":"https:\/\/urpartners.ee\/raagu\/#organization","name":"Raagu","url":"https:\/\/urpartners.ee\/raagu\/","logo":{"@type":"ImageObject","inLanguage":"en-US","@id":"https:\/\/urpartners.ee\/raagu\/#\/schema\/logo\/image\/","url":"https:\/\/urpartners.ee\/raagu\/wp-content\/uploads\/2023\/06\/Group-74-1.svg","contentUrl":"https:\/\/urpartners.ee\/raagu\/wp-content\/uploads\/2023\/06\/Group-74-1.svg","width":319,"height":68,"caption":"Raagu"},"image":{"@id":"https:\/\/urpartners.ee\/raagu\/#\/schema\/logo\/image\/"}}]}},"_links":{"self":[{"href":"https:\/\/urpartners.ee\/raagu\/wp-json\/wp\/v2\/pages\/466"}],"collection":[{"href":"https:\/\/urpartners.ee\/raagu\/wp-json\/wp\/v2\/pages"}],"about":[{"href":"https:\/\/urpartners.ee\/raagu\/wp-json\/wp\/v2\/types\/page"}],"author":[{"embeddable":true,"href":"https:\/\/urpartners.ee\/raagu\/wp-json\/wp\/v2\/users\/1"}],"replies":[{"embeddable":true,"href":"https:\/\/urpartners.ee\/raagu\/wp-json\/wp\/v2\/comments?post=466"}],"version-history":[{"count":19,"href":"https:\/\/urpartners.ee\/raagu\/wp-json\/wp\/v2\/pages\/466\/revisions"}],"predecessor-version":[{"id":882,"href":"https:\/\/urpartners.ee\/raagu\/wp-json\/wp\/v2\/pages\/466\/revisions\/882"}],"wp:attachment":[{"href":"https:\/\/urpartners.ee\/raagu\/wp-json\/wp\/v2\/media?parent=466"}],"curies":[{"name":"wp","href":"https:\/\/api.w.org\/{rel}","templated":true}]}}