{"id":435,"date":"2023-07-05T22:19:13","date_gmt":"2023-07-05T19:19:13","guid":{"rendered":"https:\/\/urpartners.ee\/raagu\/?page_id=435"},"modified":"2023-11-20T12:29:55","modified_gmt":"2023-11-20T09:29:55","slug":"hoonest","status":"publish","type":"page","link":"https:\/\/urpartners.ee\/raagu\/hoonest\/","title":{"rendered":"Hoonest"},"content":{"rendered":"\n    <div class=\"about-building-block\">\n        <div class=\"container\">\n            <div class=\"row\">\n                                                                            <div class=\"col col-12 col-md-6\">\n                                                                                            <div class=\"d-flex flex-column column fade-in-up\">\n                                    <div class=\"col_title d-flex flex-column\">\n                                        <div class=\"d-flex justify-content-start img-wrap mb-24\">\n                                            <img decoding=\"async\" src=\"https:\/\/urpartners.ee\/raagu\/wp-content\/uploads\/2023\/07\/Group-154.svg\" width=\"68\" height=\"68\" alt=\"\" \/>\n                                        <\/div>\n                                        <h2 class=\"mb-0 fw-normal\">A-energiaklassi kodud<\/h2>\n                                        <span class=\"line d-flex\"><\/span> \n                                    <\/div>\n                                    <div class=\"text_wrapper\">\n                                        <p>Ridamajad on projekteeritud standardkasutusel <strong>A-energiaklassi<\/strong>.<\/p>\n                                    <\/div>\n                                <\/div>\n                                                                                            <div class=\"d-flex flex-column column fade-in-up\">\n                                    <div class=\"col_title d-flex flex-column\">\n                                        <div class=\"d-flex justify-content-start img-wrap mb-24\">\n                                            <img decoding=\"async\" src=\"https:\/\/urpartners.ee\/raagu\/wp-content\/uploads\/2023\/07\/Group-157.svg\" width=\"68\" height=\"68\" alt=\"\" \/>\n                                        <\/div>\n                                        <h2 class=\"mb-0 fw-normal\">Ridamajade k\u00fcttelahendus<\/h2>\n                                        <span class=\"line d-flex\"><\/span> \n                                    <\/div>\n                                    <div class=\"text_wrapper\">\n                                        <p><span class=\"fontstyle0\">M\u00f5lema ridamaja iga korter varustatakse soojaga \u00fchisest tehnilisesse ruumi rajatavast soojuss\u00f5lmest, m\u00f5lemal ridamajal oma soojuss\u00f5lm. <strong>Soojusallikaks on \u00f5hk-vesi soojuspump<\/strong>. Hooned varustatakse <strong>p\u00f5randak\u00fctte s\u00fcsteemiga<\/strong> (kollektoritega). P\u00f5randak\u00fctte kontuuride soojusandvuse reguleerimine toimub korteri p\u00f5hiselt igas ruumis individuaalselt termoregulaatorite abil.<\/span><\/p>\n                                    <\/div>\n                                <\/div>\n                                                                                            <div class=\"d-flex flex-column column fade-in-up\">\n                                    <div class=\"col_title d-flex flex-column\">\n                                        <div class=\"d-flex justify-content-start img-wrap mb-24\">\n                                            <img decoding=\"async\" src=\"https:\/\/urpartners.ee\/raagu\/wp-content\/uploads\/2023\/07\/Group-151.svg\" width=\"68\" height=\"68\" alt=\"\" \/>\n                                        <\/div>\n                                        <h2 class=\"mb-0 fw-normal\">Ventilatsioon<\/h2>\n                                        <span class=\"line d-flex\"><\/span> \n                                    <\/div>\n                                    <div class=\"text_wrapper\">\n                                        <p><span class=\"fontstyle0\">Hoonetesse on ette n\u00e4htud korterip\u00f5hine soojustagastusega ventilatsiooniagregaat. V\u00e4rske \u00f5hk puhutakse elutubadesse sissepuhkeplafoonide abil. V\u00e4ljat\u00f5mme santehnilistest ruumidest, k\u00f6\u00f6gist ja esikust.<\/span><\/p>\n                                    <\/div>\n                                <\/div>\n                                                                                            <div class=\"d-flex flex-column column fade-in-up\">\n                                    <div class=\"col_title d-flex flex-column\">\n                                        <div class=\"d-flex justify-content-start img-wrap mb-24\">\n                                            <img decoding=\"async\" src=\"https:\/\/urpartners.ee\/raagu\/wp-content\/uploads\/2023\/07\/Group-158.svg\" width=\"68\" height=\"68\" alt=\"\" \/>\n                                        <\/div>\n                                        <h2 class=\"mb-0 fw-normal\">Veevarustus ja kanalisatsioon<\/h2>\n                                        <span class=\"line d-flex\"><\/span> \n                                    <\/div>\n                                    <div class=\"text_wrapper\">\n                                        <p><span class=\"fontstyle0\">Igal ridamaja korteril on eraldi kaugloetavad m\u00f5\u00f5tjad nii k\u00fclma kui ka sooja vee jaoks, kogu tarbevesi saadakse Tallinna Vee trassist ning soojendatakse maja enda soojas\u00f5lmes, hoonetesse rajatakse olmereoveekanalisatsioon.\u00a0<\/span><\/p>\n                                    <\/div>\n                                <\/div>\n                                                                                            <div class=\"d-flex flex-column column fade-in-up\">\n                                    <div class=\"col_title d-flex flex-column\">\n                                        <div class=\"d-flex justify-content-start img-wrap mb-24\">\n                                            <img decoding=\"async\" src=\"https:\/\/urpartners.ee\/raagu\/wp-content\/uploads\/2023\/07\/Group-155.svg\" width=\"78\" height=\"72\" alt=\"\" \/>\n                                        <\/div>\n                                        <h2 class=\"mb-0 fw-normal\">Kande- ja v\u00e4lisseinad, fassaad<\/h2>\n                                        <span class=\"line d-flex\"><\/span> \n                                    <\/div>\n                                    <div class=\"text_wrapper\">\n                                        <p><span class=\"fontstyle0\"><strong>Kandekonstruktsioonid<\/strong> &#8211; r<\/span><span class=\"fontstyle0\">idamajade v\u00e4lisseinad ehitatakse betoonblokkidest ja monteeritavast raudbetoon konstruktsioonist; <strong>hoonete v\u00e4lisseinad ja fassaad<\/strong> &#8211; v\u00e4lisseinad on betoonplokkidest 190\/240 mm soojustatud ja viimistletud lamelltellisega, krohvi, tsementkiudplaadi ning puiduga.\u00a0<\/span><\/p>\n                                    <\/div>\n                                <\/div>\n                                                                                            <div class=\"d-flex flex-column column fade-in-up\">\n                                    <div class=\"col_title d-flex flex-column\">\n                                        <div class=\"d-flex justify-content-start img-wrap mb-24\">\n                                            <img decoding=\"async\" src=\"https:\/\/urpartners.ee\/raagu\/wp-content\/uploads\/2023\/07\/Group-149.svg\" width=\"68\" height=\"68\" alt=\"\" \/>\n                                        <\/div>\n                                        <h2 class=\"mb-0 fw-normal\">Siseseinad ja vahelaed<\/h2>\n                                        <span class=\"line d-flex\"><\/span> \n                                    <\/div>\n                                    <div class=\"text_wrapper\">\n                                        <p><span class=\"fontstyle0\"><strong>Majaosade vahelised seinad<\/strong> &#8211; majaosade<\/span><span class=\"fontstyle0\"> vahelised ja kandvad seinad on laotud m\u00f5lemalt poolt krohvitud 240 mm \u00f5\u00f5nesbetoonplokkidest; <strong>m<\/strong><\/span><span class=\"fontstyle0\"><strong>ajaosa siseseinad<\/strong> &#8211; <\/span><span class=\"fontstyle0\">siseseinad on metallkarkassil kipsplaatidest seinad, kipsplaadid paigaldatakse kahest kihist m\u00f5lemalt poolt, karkassi vahel paigaldatakse mineraalvill, k\u00f6\u00f6giossa kipsplaadi taga paigaldatakse tugevduseks vineer, siseseinad viimistletakse vastavalt ruumi vajadusele ning valitud sisekujunduspaketile; <strong>vahelaed<\/strong> &#8211; majaosade vahelaed on \u00f5\u00f5nespaneelidest.<\/span><\/p>\n                                    <\/div>\n                                <\/div>\n                                                    <\/div>\n                                            <div class=\"col col-12 col-md-6\">\n                                                                                            <div class=\"d-flex flex-column column fade-in-up\">\n                                    <div class=\"col_title d-flex flex-column\">\n                                        <div class=\"d-flex justify-content-start img-wrap mb-24\">\n                                            <img decoding=\"async\" src=\"https:\/\/urpartners.ee\/raagu\/wp-content\/uploads\/2023\/07\/Group-156.svg\" width=\"68\" height=\"68\" alt=\"\" \/>\n                                        <\/div>\n                                        <h2 class=\"mb-0 fw-normal\">P\u00f5randad, laed, katus<\/h2>\n                                        <span class=\"line d-flex\"><\/span> \n                                    <\/div>\n                                    <div class=\"text_wrapper\">\n                                        <p><span class=\"fontstyle0\"><strong>P\u00f5randad<\/strong> &#8211; p\u00f5randad on kaetud parkettiga, mille kujundus vastab valitud siseviimistluspaketile, parketti t\u00e4iendab valitud p\u00f5randaliistud, esikute ja sanitaarruumide p\u00f5randad on kaetud siseviimistluspaketile vastava keraamilise plaadiga; <strong>laed-<\/strong> majaosade <strong>1. korruse lagede k\u00f5rgus 2.85 m<\/strong> ja 2. korrusel minimaalselt 2.65 m ja viimistlus on valgeks v\u00e4rvitud r\/b paneel, sanitaarruumides, esikutes, koridorides ja korteri nendes osades, kus paiknevad tehnos\u00fcsteemid (nt ventilatsioonitorud), on kipsplaadist valgeks v\u00e4rvitud ripplagi k\u00f5rgusega minimaalselt 2,4 m; <strong>katus<\/strong> &#8211; r<\/span>idamajade katuseks on lamekatus, katusekatteks on 2 x SBS bituumenkate.<\/p>\n                                    <\/div>\n                                <\/div>\n                                                                                            <div class=\"d-flex flex-column column fade-in-up\">\n                                    <div class=\"col_title d-flex flex-column\">\n                                        <div class=\"d-flex justify-content-start img-wrap mb-24\">\n                                            <img decoding=\"async\" src=\"https:\/\/urpartners.ee\/raagu\/wp-content\/uploads\/2023\/07\/Group-153.svg\" width=\"68\" height=\"68\" alt=\"\" \/>\n                                        <\/div>\n                                        <h2 class=\"mb-0 fw-normal\">Aknad, siseuksed, v\u00e4lisuksed<\/h2>\n                                        <span class=\"line d-flex\"><\/span> \n                                    <\/div>\n                                    <div class=\"text_wrapper\">\n                                        <p><span class=\"fontstyle0\"><strong>Aknad<\/strong> &#8211; <\/span><span class=\"fontstyle0\">kolmekordsed puit konstruktsioonil pakettaknad, kogu akende kaalutud keskmine U &lt; 0,8 W\/ m\u00b2K, aknaraamide v\u00e4rv nii v\u00e4ljast kui seest on tumehall; <strong>s<\/strong><\/span><span class=\"fontstyle0\"><strong>iseuksed<\/strong> &#8211; m<\/span><span class=\"fontstyle0\">ajaosade siseuksed on valitud siseviimistluspaketist olenevalt puituksed, <strong>saunauksed<\/strong> on puidust k\u00e4epidemega l\u00e4bipaistvad klaasuksed; <strong>v<\/strong><\/span><span class=\"fontstyle0\"><strong>\u00e4lisuksed<\/strong> &#8211; <\/span><span class=\"fontstyle0\">puituksed, mis on varustatud turvalukuga ja fonolukus\u00fcsteemiga ja t<\/span><span class=\"fontstyle0\">urvaanduritega.<\/span><\/p>\n                                    <\/div>\n                                <\/div>\n                                                                                            <div class=\"d-flex flex-column column fade-in-up\">\n                                    <div class=\"col_title d-flex flex-column\">\n                                        <div class=\"d-flex justify-content-start img-wrap mb-24\">\n                                            <img decoding=\"async\" src=\"https:\/\/urpartners.ee\/raagu\/wp-content\/uploads\/2023\/07\/Group-150.svg\" width=\"68\" height=\"68\" alt=\"\" \/>\n                                        <\/div>\n                                        <h2 class=\"mb-0 fw-normal\">Elektripaigaldis<\/h2>\n                                        <span class=\"line d-flex\"><\/span> \n                                    <\/div>\n                                    <div class=\"text_wrapper\">\n                                        <p><span class=\"fontstyle0\">Sanitaarruumide ja esikute kipsist ripplagedesse on paigaldatud s\u00fcvistatud LED-valgustid. Tubades on olemas valgustite kaabeldus, valgustid tarnib ja paigaldab korteri omanik.<\/span><\/p>\n                                    <\/div>\n                                <\/div>\n                                                                                            <div class=\"d-flex flex-column column fade-in-up\">\n                                    <div class=\"col_title d-flex flex-column\">\n                                        <div class=\"d-flex justify-content-start img-wrap mb-24\">\n                                            <img decoding=\"async\" src=\"https:\/\/urpartners.ee\/raagu\/wp-content\/uploads\/2023\/07\/Group-157.svg\" width=\"68\" height=\"68\" alt=\"\" \/>\n                                        <\/div>\n                                        <h2 class=\"mb-0 fw-normal\">Trepid<\/h2>\n                                        <span class=\"line d-flex\"><\/span> \n                                    <\/div>\n                                    <div class=\"text_wrapper\">\n                                        <p><span class=\"fontstyle0\"><strong>Sisetrepid<\/strong> &#8211; h<\/span><span class=\"fontstyle0\">oonesisesed trepid on puitkonstruktsioonil puitastmetega; <strong>trepiaste \u00f5ues<\/strong> &#8211; u<\/span><span class=\"fontstyle0\">kse esise \u00f5uetrepid on betoonist \u00fche astmega ning kaetud harjatud betooniga.\u00a0<\/span><\/p>\n                                    <\/div>\n                                <\/div>\n                                                                                            <div class=\"d-flex flex-column column fade-in-up\">\n                                    <div class=\"col_title d-flex flex-column\">\n                                        <div class=\"d-flex justify-content-start img-wrap mb-24\">\n                                            <img decoding=\"async\" src=\"https:\/\/urpartners.ee\/raagu\/wp-content\/uploads\/2023\/07\/Group-155.svg\" width=\"78\" height=\"72\" alt=\"\" \/>\n                                        <\/div>\n                                        <h2 class=\"mb-0 fw-normal\">Muud lahendused<\/h2>\n                                        <span class=\"line d-flex\"><\/span> \n                                    <\/div>\n                                    <div class=\"text_wrapper\">\n                                        <p><span class=\"fontstyle0\"><strong>Kastmisvees\u00fcsteem<\/strong> &#8211; h<\/span><span class=\"fontstyle0\">oonete perimeetrile paigaldatakse \u00fcks \u00fcldkasutatav kastmiskraan (\u00fcldvesi), igale majaosale paigaldatakse lisaks kaks kastmiskraani, \u00fcks maja ees, teine maja taga; <strong>e<\/strong><\/span><span class=\"fontstyle0\"><strong>lektriautode laadimise v\u00f5imalus<\/strong> &#8211; e<\/span><span class=\"fontstyle0\">lektriautode laadimiseks on tehtud valmidus, laadijaid ei ole paigaldatud; <strong>p<\/strong><\/span><span class=\"fontstyle0\"><strong>r\u00fcgiaedik<\/strong> &#8211; p<\/span><span class=\"fontstyle0\">r\u00fcgi k\u00e4itlemine on lahendatud pr\u00fcgikonteineritega (1 olmepr\u00fcgi, 1 paberi- ja papi konteiner, 1 pakend ja 1 biolagunevate j\u00e4\u00e4tmete konteiner), mille asukoht on kavandatud kinnistule sisses\u00f5idutee k\u00f5rvale, j\u00e4\u00e4tmete kogumine lahendatakse \u00fchiselt R\u00e4\u00e4gu tn 16 ja R\u00e4\u00e4gu tn 18 krundiga; <strong>r<\/strong><\/span><span class=\"fontstyle0\"><strong>attaparkla<\/strong> &#8211; m<\/span><span class=\"fontstyle0\">\u00f5lema ridamaja elanikele on \u00fchine rattaparkla; <strong>v\u00e4lishaljastus<\/strong> &#8211; k<\/span><span class=\"fontstyle0\">innistul valgustatakse lokaalselt sissep\u00e4\u00e4suteed ja parkimisplatsid, alale on kavandatud liivakattega m\u00e4nguala, mida piirab murukividest k\u00f5nnitee, taimel<\/span><span class=\"fontstyle0\">iikidest on kasutatud dekoratiivseid liike, mis annaksid krundile vertikaalse m\u00f5\u00f5tme ja vaated, lisaks on liigid dekoratiivsed aasta l\u00e4bi olles kevadised \u00f5itsejad, s\u00fcgisesed viljujad ja aasta l\u00e4bi rohelised.<\/span><\/p>\n                                    <\/div>\n                                <\/div>\n                                                    <\/div>\n                                                <\/div>\n        <\/div>\n    <\/div>\n","protected":false},"excerpt":{"rendered":"","protected":false},"author":1,"featured_media":0,"parent":0,"menu_order":0,"comment_status":"closed","ping_status":"closed","template":"page-templates\/no-title.php","meta":[],"acf":[],"yoast_head":"<!-- This site is optimized with the Yoast SEO plugin v20.8 - https:\/\/yoast.com\/wordpress\/plugins\/seo\/ -->\n<title>Hoonest - R\u00e4\u00e4gu<\/title>\n<meta name=\"robots\" content=\"index, follow, max-snippet:-1, max-image-preview:large, max-video-preview:-1\" \/>\n<link rel=\"canonical\" href=\"https:\/\/urpartners.ee\/raagu\/hoonest\/\" \/>\n<meta property=\"og:locale\" content=\"en_US\" \/>\n<meta property=\"og:type\" content=\"article\" \/>\n<meta property=\"og:title\" content=\"Hoonest - R\u00e4\u00e4gu\" \/>\n<meta property=\"og:url\" content=\"https:\/\/urpartners.ee\/raagu\/hoonest\/\" \/>\n<meta property=\"og:site_name\" content=\"R\u00e4\u00e4gu\" \/>\n<meta property=\"article:modified_time\" content=\"2023-11-20T09:29:55+00:00\" \/>\n<meta property=\"og:image\" content=\"https:\/\/urpartners.ee\/raagu\/wp-content\/uploads\/2023\/07\/OG.jpg\" \/>\n\t<meta property=\"og:image:width\" content=\"1200\" \/>\n\t<meta property=\"og:image:height\" content=\"630\" \/>\n\t<meta property=\"og:image:type\" content=\"image\/jpeg\" \/>\n<meta name=\"twitter:card\" content=\"summary_large_image\" \/>\n<script type=\"application\/ld+json\" class=\"yoast-schema-graph\">{\"@context\":\"https:\/\/schema.org\",\"@graph\":[{\"@type\":\"WebPage\",\"@id\":\"https:\/\/urpartners.ee\/raagu\/hoonest\/\",\"url\":\"https:\/\/urpartners.ee\/raagu\/hoonest\/\",\"name\":\"Hoonest - R\u00e4\u00e4gu\",\"isPartOf\":{\"@id\":\"https:\/\/urpartners.ee\/raagu\/#website\"},\"datePublished\":\"2023-07-05T19:19:13+00:00\",\"dateModified\":\"2023-11-20T09:29:55+00:00\",\"breadcrumb\":{\"@id\":\"https:\/\/urpartners.ee\/raagu\/hoonest\/#breadcrumb\"},\"inLanguage\":\"en-US\",\"potentialAction\":[{\"@type\":\"ReadAction\",\"target\":[\"https:\/\/urpartners.ee\/raagu\/hoonest\/\"]}]},{\"@type\":\"BreadcrumbList\",\"@id\":\"https:\/\/urpartners.ee\/raagu\/hoonest\/#breadcrumb\",\"itemListElement\":[{\"@type\":\"ListItem\",\"position\":1,\"name\":\"Home\",\"item\":\"https:\/\/urpartners.ee\/raagu\/\"},{\"@type\":\"ListItem\",\"position\":2,\"name\":\"Hoonest\"}]},{\"@type\":\"WebSite\",\"@id\":\"https:\/\/urpartners.ee\/raagu\/#website\",\"url\":\"https:\/\/urpartners.ee\/raagu\/\",\"name\":\"Raagu\",\"description\":\"Uued korterid Kristiine linnaosas.\",\"publisher\":{\"@id\":\"https:\/\/urpartners.ee\/raagu\/#organization\"},\"potentialAction\":[{\"@type\":\"SearchAction\",\"target\":{\"@type\":\"EntryPoint\",\"urlTemplate\":\"https:\/\/urpartners.ee\/raagu\/?s={search_term_string}\"},\"query-input\":\"required name=search_term_string\"}],\"inLanguage\":\"en-US\"},{\"@type\":\"Organization\",\"@id\":\"https:\/\/urpartners.ee\/raagu\/#organization\",\"name\":\"Raagu\",\"url\":\"https:\/\/urpartners.ee\/raagu\/\",\"logo\":{\"@type\":\"ImageObject\",\"inLanguage\":\"en-US\",\"@id\":\"https:\/\/urpartners.ee\/raagu\/#\/schema\/logo\/image\/\",\"url\":\"https:\/\/urpartners.ee\/raagu\/wp-content\/uploads\/2023\/06\/Group-74-1.svg\",\"contentUrl\":\"https:\/\/urpartners.ee\/raagu\/wp-content\/uploads\/2023\/06\/Group-74-1.svg\",\"width\":319,\"height\":68,\"caption\":\"Raagu\"},\"image\":{\"@id\":\"https:\/\/urpartners.ee\/raagu\/#\/schema\/logo\/image\/\"}}]}<\/script>\n<!-- \/ Yoast SEO plugin. -->","yoast_head_json":{"title":"Hoonest - R\u00e4\u00e4gu","robots":{"index":"index","follow":"follow","max-snippet":"max-snippet:-1","max-image-preview":"max-image-preview:large","max-video-preview":"max-video-preview:-1"},"canonical":"https:\/\/urpartners.ee\/raagu\/hoonest\/","og_locale":"en_US","og_type":"article","og_title":"Hoonest - R\u00e4\u00e4gu","og_url":"https:\/\/urpartners.ee\/raagu\/hoonest\/","og_site_name":"R\u00e4\u00e4gu","article_modified_time":"2023-11-20T09:29:55+00:00","og_image":[{"width":1200,"height":630,"url":"https:\/\/urpartners.ee\/raagu\/wp-content\/uploads\/2023\/07\/OG.jpg","type":"image\/jpeg"}],"twitter_card":"summary_large_image","schema":{"@context":"https:\/\/schema.org","@graph":[{"@type":"WebPage","@id":"https:\/\/urpartners.ee\/raagu\/hoonest\/","url":"https:\/\/urpartners.ee\/raagu\/hoonest\/","name":"Hoonest - R\u00e4\u00e4gu","isPartOf":{"@id":"https:\/\/urpartners.ee\/raagu\/#website"},"datePublished":"2023-07-05T19:19:13+00:00","dateModified":"2023-11-20T09:29:55+00:00","breadcrumb":{"@id":"https:\/\/urpartners.ee\/raagu\/hoonest\/#breadcrumb"},"inLanguage":"en-US","potentialAction":[{"@type":"ReadAction","target":["https:\/\/urpartners.ee\/raagu\/hoonest\/"]}]},{"@type":"BreadcrumbList","@id":"https:\/\/urpartners.ee\/raagu\/hoonest\/#breadcrumb","itemListElement":[{"@type":"ListItem","position":1,"name":"Home","item":"https:\/\/urpartners.ee\/raagu\/"},{"@type":"ListItem","position":2,"name":"Hoonest"}]},{"@type":"WebSite","@id":"https:\/\/urpartners.ee\/raagu\/#website","url":"https:\/\/urpartners.ee\/raagu\/","name":"Raagu","description":"Uued korterid Kristiine linnaosas.","publisher":{"@id":"https:\/\/urpartners.ee\/raagu\/#organization"},"potentialAction":[{"@type":"SearchAction","target":{"@type":"EntryPoint","urlTemplate":"https:\/\/urpartners.ee\/raagu\/?s={search_term_string}"},"query-input":"required name=search_term_string"}],"inLanguage":"en-US"},{"@type":"Organization","@id":"https:\/\/urpartners.ee\/raagu\/#organization","name":"Raagu","url":"https:\/\/urpartners.ee\/raagu\/","logo":{"@type":"ImageObject","inLanguage":"en-US","@id":"https:\/\/urpartners.ee\/raagu\/#\/schema\/logo\/image\/","url":"https:\/\/urpartners.ee\/raagu\/wp-content\/uploads\/2023\/06\/Group-74-1.svg","contentUrl":"https:\/\/urpartners.ee\/raagu\/wp-content\/uploads\/2023\/06\/Group-74-1.svg","width":319,"height":68,"caption":"Raagu"},"image":{"@id":"https:\/\/urpartners.ee\/raagu\/#\/schema\/logo\/image\/"}}]}},"_links":{"self":[{"href":"https:\/\/urpartners.ee\/raagu\/wp-json\/wp\/v2\/pages\/435"}],"collection":[{"href":"https:\/\/urpartners.ee\/raagu\/wp-json\/wp\/v2\/pages"}],"about":[{"href":"https:\/\/urpartners.ee\/raagu\/wp-json\/wp\/v2\/types\/page"}],"author":[{"embeddable":true,"href":"https:\/\/urpartners.ee\/raagu\/wp-json\/wp\/v2\/users\/1"}],"replies":[{"embeddable":true,"href":"https:\/\/urpartners.ee\/raagu\/wp-json\/wp\/v2\/comments?post=435"}],"version-history":[{"count":20,"href":"https:\/\/urpartners.ee\/raagu\/wp-json\/wp\/v2\/pages\/435\/revisions"}],"predecessor-version":[{"id":890,"href":"https:\/\/urpartners.ee\/raagu\/wp-json\/wp\/v2\/pages\/435\/revisions\/890"}],"wp:attachment":[{"href":"https:\/\/urpartners.ee\/raagu\/wp-json\/wp\/v2\/media?parent=435"}],"curies":[{"name":"wp","href":"https:\/\/api.w.org\/{rel}","templated":true}]}}