{"id":419,"date":"2023-07-05T20:51:41","date_gmt":"2023-07-05T17:51:41","guid":{"rendered":"https:\/\/urpartners.ee\/raagu\/?page_id=419"},"modified":"2023-11-20T12:27:56","modified_gmt":"2023-11-20T09:27:56","slug":"viimistlus","status":"publish","type":"page","link":"https:\/\/urpartners.ee\/raagu\/viimistlus\/","title":{"rendered":"Viimistlus"},"content":{"rendered":"\n    <div class=\"pb-0 finishes-block\">\n        <div class=\"container-fluid px-0\">\n            <div class=\"row mx-0\">\n                                                        <div class=\"col col-lg-4 col-12 fade pb-lg-64 \">\n                        <a class=\"d-flex flex-column justify-content-center align-items-center position-relative w100\" href=\"https:\/\/urpartners.ee\/raagu\/wp-content\/uploads\/2023\/07\/Linnupesad_8_Raagu_ridamajad_pakett_Kevad.pdf\" target=\"_blank\">\n                            <div class=\"finish_image position-absolute top-0 left-0 bg-center no-lazy w100 h100\" style=\"background-image:url('https:\/\/urpartners.ee\/raagu\/wp-content\/uploads\/2023\/07\/Mask-group.jpg');\"><\/div>\n                                                            <span class=\"btn\">Pakett Kevad<\/span>\n                                                                                        <span class=\"text\"><p><span class=\"fontstyle0\">Siseviimistlus, kus p\u00e4ike s\u00e4rab mistahes n\u00e4dalap\u00e4eval. Siin on kokku viidud ajatu <em>terrazzo<\/em> ja soojad<em> terraco<\/em> tonaalsused.<\/span><\/p>\n<\/span>\n                                                    <\/a>\n                    <\/div>\n                                                        <div class=\"col col-lg-4 col-12 fade pb-lg-64 add_margins\">\n                        <a class=\"d-flex flex-column justify-content-center align-items-center position-relative w100\" href=\"https:\/\/urpartners.ee\/raagu\/wp-content\/uploads\/2023\/07\/Linnupesad_8_Raagu_ridamajad_pakett_Suvi.pdf\" target=\"_blank\">\n                            <div class=\"finish_image position-absolute top-0 left-0 bg-center no-lazy w100 h100\" style=\"background-image:url('https:\/\/urpartners.ee\/raagu\/wp-content\/uploads\/2023\/07\/Mask-group2.jpg');\"><\/div>\n                                                            <span class=\"btn\">Pakett Suvi <\/span>\n                                                                                        <span class=\"text\"><p><span class=\"fontstyle0\">See on siseviimistlus, millest \u00f5hkub suvist k\u00fcpsust ja mahedust. \u00dcmbritsev rohelus ulatub siseruumidesse ja seda palistab naturaalne tonaalsus.<\/span><\/p>\n<\/span>\n                                                    <\/a>\n                    <\/div>\n                                                        <div class=\"col col-lg-4 col-12 fade pb-lg-64 \">\n                        <a class=\"d-flex flex-column justify-content-center align-items-center position-relative w100\" href=\"https:\/\/urpartners.ee\/raagu\/wp-content\/uploads\/2023\/07\/Linnupesad_8_Raagu_ridamajad_Premium.pdf\" target=\"_blank\">\n                            <div class=\"finish_image position-absolute top-0 left-0 bg-center no-lazy w100 h100\" style=\"background-image:url('https:\/\/urpartners.ee\/raagu\/wp-content\/uploads\/2023\/07\/Mask-group-1.jpg');\"><\/div>\n                                                            <span class=\"btn\">Pakett Premium<\/span>\n                                                                                        <span class=\"text\"><p><span class=\"fontstyle0\">VIP paketis kohtuvad soliidne konjaki tooni kalasaba ja tume marmor ning luksuslikud metalsed l\u00e4iked.<\/span><\/p>\n<\/span>\n                                                    <\/a>\n                    <\/div>\n                            <\/div>\n        <\/div>\n    <\/div>\n","protected":false},"excerpt":{"rendered":"","protected":false},"author":1,"featured_media":0,"parent":0,"menu_order":0,"comment_status":"closed","ping_status":"closed","template":"page-templates\/full-width.php","meta":[],"acf":[],"yoast_head":"<!-- This site is optimized with the Yoast SEO plugin v20.8 - https:\/\/yoast.com\/wordpress\/plugins\/seo\/ -->\n<title>Viimistlus - R\u00e4\u00e4gu<\/title>\n<meta name=\"robots\" content=\"index, follow, max-snippet:-1, max-image-preview:large, max-video-preview:-1\" \/>\n<link rel=\"canonical\" href=\"https:\/\/urpartners.ee\/raagu\/viimistlus\/\" \/>\n<meta property=\"og:locale\" content=\"en_US\" \/>\n<meta property=\"og:type\" content=\"article\" \/>\n<meta property=\"og:title\" content=\"Viimistlus - R\u00e4\u00e4gu\" \/>\n<meta property=\"og:url\" content=\"https:\/\/urpartners.ee\/raagu\/viimistlus\/\" \/>\n<meta property=\"og:site_name\" content=\"R\u00e4\u00e4gu\" \/>\n<meta property=\"article:modified_time\" content=\"2023-11-20T09:27:56+00:00\" \/>\n<meta property=\"og:image\" content=\"https:\/\/urpartners.ee\/raagu\/wp-content\/uploads\/2023\/07\/OG.jpg\" \/>\n\t<meta property=\"og:image:width\" content=\"1200\" \/>\n\t<meta property=\"og:image:height\" content=\"630\" \/>\n\t<meta property=\"og:image:type\" content=\"image\/jpeg\" \/>\n<meta name=\"twitter:card\" content=\"summary_large_image\" \/>\n<script type=\"application\/ld+json\" class=\"yoast-schema-graph\">{\"@context\":\"https:\/\/schema.org\",\"@graph\":[{\"@type\":\"WebPage\",\"@id\":\"https:\/\/urpartners.ee\/raagu\/viimistlus\/\",\"url\":\"https:\/\/urpartners.ee\/raagu\/viimistlus\/\",\"name\":\"Viimistlus - R\u00e4\u00e4gu\",\"isPartOf\":{\"@id\":\"https:\/\/urpartners.ee\/raagu\/#website\"},\"datePublished\":\"2023-07-05T17:51:41+00:00\",\"dateModified\":\"2023-11-20T09:27:56+00:00\",\"breadcrumb\":{\"@id\":\"https:\/\/urpartners.ee\/raagu\/viimistlus\/#breadcrumb\"},\"inLanguage\":\"en-US\",\"potentialAction\":[{\"@type\":\"ReadAction\",\"target\":[\"https:\/\/urpartners.ee\/raagu\/viimistlus\/\"]}]},{\"@type\":\"BreadcrumbList\",\"@id\":\"https:\/\/urpartners.ee\/raagu\/viimistlus\/#breadcrumb\",\"itemListElement\":[{\"@type\":\"ListItem\",\"position\":1,\"name\":\"Home\",\"item\":\"https:\/\/urpartners.ee\/raagu\/\"},{\"@type\":\"ListItem\",\"position\":2,\"name\":\"Viimistlus\"}]},{\"@type\":\"WebSite\",\"@id\":\"https:\/\/urpartners.ee\/raagu\/#website\",\"url\":\"https:\/\/urpartners.ee\/raagu\/\",\"name\":\"Raagu\",\"description\":\"Uued korterid Kristiine linnaosas.\",\"publisher\":{\"@id\":\"https:\/\/urpartners.ee\/raagu\/#organization\"},\"potentialAction\":[{\"@type\":\"SearchAction\",\"target\":{\"@type\":\"EntryPoint\",\"urlTemplate\":\"https:\/\/urpartners.ee\/raagu\/?s={search_term_string}\"},\"query-input\":\"required name=search_term_string\"}],\"inLanguage\":\"en-US\"},{\"@type\":\"Organization\",\"@id\":\"https:\/\/urpartners.ee\/raagu\/#organization\",\"name\":\"Raagu\",\"url\":\"https:\/\/urpartners.ee\/raagu\/\",\"logo\":{\"@type\":\"ImageObject\",\"inLanguage\":\"en-US\",\"@id\":\"https:\/\/urpartners.ee\/raagu\/#\/schema\/logo\/image\/\",\"url\":\"https:\/\/urpartners.ee\/raagu\/wp-content\/uploads\/2023\/06\/Group-74-1.svg\",\"contentUrl\":\"https:\/\/urpartners.ee\/raagu\/wp-content\/uploads\/2023\/06\/Group-74-1.svg\",\"width\":319,\"height\":68,\"caption\":\"Raagu\"},\"image\":{\"@id\":\"https:\/\/urpartners.ee\/raagu\/#\/schema\/logo\/image\/\"}}]}<\/script>\n<!-- \/ Yoast SEO plugin. -->","yoast_head_json":{"title":"Viimistlus - R\u00e4\u00e4gu","robots":{"index":"index","follow":"follow","max-snippet":"max-snippet:-1","max-image-preview":"max-image-preview:large","max-video-preview":"max-video-preview:-1"},"canonical":"https:\/\/urpartners.ee\/raagu\/viimistlus\/","og_locale":"en_US","og_type":"article","og_title":"Viimistlus - R\u00e4\u00e4gu","og_url":"https:\/\/urpartners.ee\/raagu\/viimistlus\/","og_site_name":"R\u00e4\u00e4gu","article_modified_time":"2023-11-20T09:27:56+00:00","og_image":[{"width":1200,"height":630,"url":"https:\/\/urpartners.ee\/raagu\/wp-content\/uploads\/2023\/07\/OG.jpg","type":"image\/jpeg"}],"twitter_card":"summary_large_image","schema":{"@context":"https:\/\/schema.org","@graph":[{"@type":"WebPage","@id":"https:\/\/urpartners.ee\/raagu\/viimistlus\/","url":"https:\/\/urpartners.ee\/raagu\/viimistlus\/","name":"Viimistlus - R\u00e4\u00e4gu","isPartOf":{"@id":"https:\/\/urpartners.ee\/raagu\/#website"},"datePublished":"2023-07-05T17:51:41+00:00","dateModified":"2023-11-20T09:27:56+00:00","breadcrumb":{"@id":"https:\/\/urpartners.ee\/raagu\/viimistlus\/#breadcrumb"},"inLanguage":"en-US","potentialAction":[{"@type":"ReadAction","target":["https:\/\/urpartners.ee\/raagu\/viimistlus\/"]}]},{"@type":"BreadcrumbList","@id":"https:\/\/urpartners.ee\/raagu\/viimistlus\/#breadcrumb","itemListElement":[{"@type":"ListItem","position":1,"name":"Home","item":"https:\/\/urpartners.ee\/raagu\/"},{"@type":"ListItem","position":2,"name":"Viimistlus"}]},{"@type":"WebSite","@id":"https:\/\/urpartners.ee\/raagu\/#website","url":"https:\/\/urpartners.ee\/raagu\/","name":"Raagu","description":"Uued korterid Kristiine linnaosas.","publisher":{"@id":"https:\/\/urpartners.ee\/raagu\/#organization"},"potentialAction":[{"@type":"SearchAction","target":{"@type":"EntryPoint","urlTemplate":"https:\/\/urpartners.ee\/raagu\/?s={search_term_string}"},"query-input":"required name=search_term_string"}],"inLanguage":"en-US"},{"@type":"Organization","@id":"https:\/\/urpartners.ee\/raagu\/#organization","name":"Raagu","url":"https:\/\/urpartners.ee\/raagu\/","logo":{"@type":"ImageObject","inLanguage":"en-US","@id":"https:\/\/urpartners.ee\/raagu\/#\/schema\/logo\/image\/","url":"https:\/\/urpartners.ee\/raagu\/wp-content\/uploads\/2023\/06\/Group-74-1.svg","contentUrl":"https:\/\/urpartners.ee\/raagu\/wp-content\/uploads\/2023\/06\/Group-74-1.svg","width":319,"height":68,"caption":"Raagu"},"image":{"@id":"https:\/\/urpartners.ee\/raagu\/#\/schema\/logo\/image\/"}}]}},"_links":{"self":[{"href":"https:\/\/urpartners.ee\/raagu\/wp-json\/wp\/v2\/pages\/419"}],"collection":[{"href":"https:\/\/urpartners.ee\/raagu\/wp-json\/wp\/v2\/pages"}],"about":[{"href":"https:\/\/urpartners.ee\/raagu\/wp-json\/wp\/v2\/types\/page"}],"author":[{"embeddable":true,"href":"https:\/\/urpartners.ee\/raagu\/wp-json\/wp\/v2\/users\/1"}],"replies":[{"embeddable":true,"href":"https:\/\/urpartners.ee\/raagu\/wp-json\/wp\/v2\/comments?post=419"}],"version-history":[{"count":29,"href":"https:\/\/urpartners.ee\/raagu\/wp-json\/wp\/v2\/pages\/419\/revisions"}],"predecessor-version":[{"id":887,"href":"https:\/\/urpartners.ee\/raagu\/wp-json\/wp\/v2\/pages\/419\/revisions\/887"}],"wp:attachment":[{"href":"https:\/\/urpartners.ee\/raagu\/wp-json\/wp\/v2\/media?parent=419"}],"curies":[{"name":"wp","href":"https:\/\/api.w.org\/{rel}","templated":true}]}}